{"id":64,"date":"2025-05-31T10:58:53","date_gmt":"2025-05-31T08:58:53","guid":{"rendered":"https:\/\/danvy.com\/?page_id=64"},"modified":"2026-03-27T18:31:59","modified_gmt":"2026-03-27T17:31:59","slug":"acceuil","status":"publish","type":"page","link":"https:\/\/danvy.com\/","title":{"rendered":"Accueil"},"content":{"rendered":"\t\t<div data-elementor-type=\"wp-page\" data-elementor-id=\"64\" class=\"elementor elementor-64\">\n\t\t\t\t<div class=\"elementor-element elementor-element-ce2c907 e-flex e-con-boxed e-con e-parent\" data-id=\"ce2c907\" data-element_type=\"container\" data-e-type=\"container\">\n\t\t\t\t\t<div class=\"e-con-inner\">\n\t\t\t\t<div class=\"elementor-element elementor-element-4a71e17 elementor-widget elementor-widget-text-editor\" data-id=\"4a71e17\" data-element_type=\"widget\" data-e-type=\"widget\" data-widget_type=\"text-editor.default\">\n\t\t\t\t<div class=\"elementor-widget-container\">\n\t\t\t\t\t\t\t\t\t<h2 data-start=\"238\" data-end=\"316\"><img decoding=\"async\" class=\"emoji\" role=\"img\" draggable=\"false\" src=\"https:\/\/s.w.org\/images\/core\/emoji\/16.0.1\/svg\/26a1.svg\" alt=\"\u26a1\" \/> Des solutions de stockage solaire accessibles et performantes.<\/h2><p data-start=\"318\" data-end=\"567\">De plus en plus de particuliers et de petites entreprises s\u2019\u00e9quipent en panneaux solaires\u2026 mais restent <strong data-start=\"422\" data-end=\"451\">sans solution de stockage<\/strong>.<br data-start=\"452\" data-end=\"455\" \/>Les raisons sont claires : <strong data-start=\"482\" data-end=\"502\">prix trop \u00e9lev\u00e9s<\/strong>, <strong data-start=\"504\" data-end=\"531\">mat\u00e9riel peu performant<\/strong> ou <strong data-start=\"535\" data-end=\"566\">mal adapt\u00e9 aux usages r\u00e9els<\/strong>.<\/p><h2 data-start=\"238\" data-end=\"316\"><img fetchpriority=\"high\" decoding=\"async\" class=\" wp-image-350 alignright\" src=\"http:\/\/danvy.com\/wp-content\/uploads\/2026\/03\/Stock-1.jpeg\" alt=\"\" width=\"308\" height=\"232\" \/><\/h2><p>\u00a0<\/p><h4 data-start=\"569\" data-end=\"641\"><img decoding=\"async\" class=\"emoji\" role=\"img\" draggable=\"false\" src=\"https:\/\/s.w.org\/images\/core\/emoji\/16.0.1\/svg\/1f3af.svg\" alt=\"\ud83c\udfaf\" \/> Notre r\u00e9ponse : le groupement d&rsquo;achat.<\/h4><p data-start=\"569\" data-end=\"641\">Fonctionnement <u>tr\u00e8s simple<\/u> :<br \/>1\u00a0<span style=\"font-size: 14px;\">Vous <\/span><strong style=\"font-size: 14px;\">r\u00e9servez<\/strong><span style=\"font-size: 14px;\">, en int\u00e9grant la liste de r\u00e9servation,<br \/>2 quand le bateau part vous payez un <\/span><strong style=\"font-size: 14px;\">acompte de 10%<\/strong><span style=\"font-size: 14px;\">,<br \/>3\u00a0 Arriv\u00e9e de votre batterie vous payez le <\/span><strong style=\"font-size: 14px;\">solde<\/strong><span style=\"font-size: 14px;\">\u00a0et vous\u00a0<\/span><span style=\"font-size: 14px;\">prenez livraison de votre batterie<\/span><span style=\"font-size: 14px;\">.<\/span><\/p><h3 data-start=\"972\" data-end=\"1021\"><img decoding=\"async\" class=\"emoji\" role=\"img\" draggable=\"false\" src=\"https:\/\/s.w.org\/images\/core\/emoji\/16.0.1\/svg\/1f3ed.svg\" alt=\"\ud83c\udfed\" \/> Fabrication sp\u00e9cialis\u00e9e et garantie solide<br \/><span style=\"font-weight: normal;\"><span style=\"font-size: 14px; color: #000000;\">Nos batteries sont <\/span><span style=\"font-size: 14px; color: #000000;\" data-start=\"1042\" data-end=\"1067\">assembl\u00e9es<\/span><\/span><strong style=\"font-size: 14px; color: #000000;\" data-start=\"1042\" data-end=\"1067\"> \u00e0 Shenzhen<\/strong><span style=\"font-size: 14px; color: #000000;\"> par notre <\/span><strong style=\"font-size: 14px; color: #000000;\" data-start=\"1075\" data-end=\"1108\">partenaire industriel Exliporc<\/strong><span style=\"font-size: 14px; color: #000000;\">, <span style=\"font-weight: normal;\">sp\u00e9cialiste de la fabrication de batteries lithium<\/span> depuis plus de <\/span><strong style=\"font-size: 14px; color: #000000;\" data-start=\"1176\" data-end=\"1186\">13 ans<\/strong><span style=\"font-size: 14px; color: #000000;\">.\u00a0<\/span><span style=\"font-size: 14px; color: #000000;\"><span style=\"font-weight: normal;\">Chaque produit b\u00e9n\u00e9ficie<\/span> d\u2019un <\/span><strong style=\"font-size: 14px; color: #000000;\" data-start=\"1220\" data-end=\"1250\">contr\u00f4le qualit\u00e9 rigoureux<\/strong><span style=\"font-weight: normal;\"><span style=\"font-size: 14px; color: #000000;\"> et d\u2019une <\/span><span style=\"font-size: 14px; color: #000000;\" data-start=\"1260\" data-end=\"1294\">garantie constructeur<\/span><\/span><strong style=\"font-size: 14px; color: #000000;\" data-start=\"1260\" data-end=\"1294\">\u00a0de 5 ans totale assur\u00e9e en France<\/strong><span style=\"font-size: 14px; color: #000000;\">.<\/span><\/h3><h3 data-start=\"1297\" data-end=\"1332\"><img decoding=\"async\" class=\"emoji\" role=\"img\" draggable=\"false\" src=\"https:\/\/s.w.org\/images\/core\/emoji\/16.0.1\/svg\/1f6e0.svg\" alt=\"\ud83d\udee0\ufe0f\" \/> \u00c9volutivit\u00e9 &amp; disponibilit\u00e9<br \/><span style=\"font-weight: normal;\"><span style=\"font-size: 14px; color: #000000;\">Nous avons un <\/span><span style=\"font-size: 14px; color: #000000;\" data-start=\"1349\" data-end=\"1378\">stock de pi\u00e8ces d\u00e9tach\u00e9es<\/span><\/span><span style=\"font-size: 14px; color: #000000;\"><span style=\"font-weight: normal;\">\u00a0et un atelier pour assurer<\/span> le <\/span><strong style=\"font-size: 14px; color: #000000;\" data-start=\"1395\" data-end=\"1409\">SAV sur Tours (37)<\/strong><span style=\"font-size: 14px; color: #000000;\"><br \/><\/span><span style=\"font-size: 14px; color: #000000; font-weight: normal;\" data-start=\"1425\" data-end=\"1454\">Maintien de l&rsquo;\u00e9volution de vos syst\u00e8mes<\/span><span style=\"font-size: 14px; color: #000000;\"><span style=\"font-weight: normal;\"> dans le temps <\/span>: ajout de capacit\u00e9, mise \u00e0 jour logicielle ou adaptation \u00e0 un nouvel onduleur.<\/span><\/h3><h3 data-start=\"1550\" data-end=\"1601\"><img decoding=\"async\" class=\"emoji\" role=\"img\" draggable=\"false\" src=\"https:\/\/s.w.org\/images\/core\/emoji\/16.0.1\/svg\/1f50c.svg\" alt=\"\ud83d\udd0c\" \/> Compatibilit\u00e9 maximale, performance optimale<br \/><span style=\"font-size: 14px; color: #000000;\"><span style=\"font-weight: normal;\">Nos syst\u00e8mes de stockage sont :<\/span><span style=\"font-weight: 400;\"><br \/><\/span><\/span><strong style=\"font-size: 14px; color: #000000;\" data-start=\"1637\" data-end=\"1693\">\u00a0&gt; compatibles avec la majorit\u00e9 des onduleurs du march\u00e9<\/strong><span style=\"font-size: 14px; color: #000000;\"> (Victron, Deye, Growatt, etc.)<br \/><\/span><strong style=\"font-size: 14px; color: #000000;\" data-start=\"1727\" data-end=\"1775\">\u00a0&gt; \u00e9quip\u00e9s de modules de communication int\u00e9gr\u00e9s<\/strong><span style=\"font-size: 14px; color: #000000;\"> (RS485, CAN) Bluetooth et wifi selon mod\u00e8le.<br \/><\/span><strong style=\"font-size: 14px; color: #000000;\" data-start=\"1791\" data-end=\"1860\">\u00a0&gt; optimis\u00e9s pour l\u2019autoconsommation, le back-up ou les sites isol\u00e9s<\/strong><\/h3><p data-start=\"1637\" data-end=\"1724\"><strong data-start=\"1791\" data-end=\"1860\"><img decoding=\"async\" class=\"size-full wp-image-201 alignright\" src=\"http:\/\/danvy.com\/wp-content\/uploads\/2025\/06\/Distributeur-Exliporc-200.jpg\" alt=\"\" width=\"200\" height=\"158\" \/><\/strong><\/p>\t\t\t\t\t\t\t\t<\/div>\n\t\t\t\t<\/div>\n\t\t\t\t\t<\/div>\n\t\t\t\t<\/div>\n\t\t\t\t<\/div>\n\t\t","protected":false},"excerpt":{"rendered":"<p>Des solutions de stockage solaire accessibles et performantes. De plus en plus de particuliers et de petites entreprises s\u2019\u00e9quipent en panneaux solaires\u2026 mais restent sans solution de stockage.Les raisons sont claires : prix trop \u00e9lev\u00e9s, mat\u00e9riel peu performant ou mal adapt\u00e9 aux usages r\u00e9els. \u00a0 Notre r\u00e9ponse : le groupement d&rsquo;achat. Fonctionnement tr\u00e8s simple :1\u00a0Vous [&hellip;]<\/p>\n","protected":false},"author":1,"featured_media":0,"parent":0,"menu_order":0,"comment_status":"closed","ping_status":"closed","template":"","meta":{"_coblocks_attr":"","_coblocks_dimensions":"","_coblocks_responsive_height":"","_coblocks_accordion_ie_support":"","footnotes":""},"class_list":["post-64","page","type-page","status-publish","hentry","entry"],"yoast_head":"<!-- This site is optimized with the Yoast SEO plugin v27.4 - https:\/\/yoast.com\/product\/yoast-seo-wordpress\/ -->\n<title>Accueil - Danvy Energy<\/title>\n<meta name=\"robots\" content=\"index, follow, max-snippet:-1, max-image-preview:large, max-video-preview:-1\" \/>\n<link rel=\"canonical\" href=\"http:\/\/danvy.com\/\" \/>\n<meta property=\"og:locale\" content=\"fr_FR\" \/>\n<meta property=\"og:type\" content=\"article\" \/>\n<meta property=\"og:title\" content=\"Accueil - Danvy Energy\" \/>\n<meta property=\"og:description\" content=\"Des solutions de stockage solaire accessibles et performantes. De plus en plus de particuliers et de petites entreprises s\u2019\u00e9quipent en panneaux solaires\u2026 mais restent sans solution de stockage.Les raisons sont claires : prix trop \u00e9lev\u00e9s, mat\u00e9riel peu performant ou mal adapt\u00e9 aux usages r\u00e9els. \u00a0 Notre r\u00e9ponse : le groupement d&rsquo;achat. Fonctionnement tr\u00e8s simple :1\u00a0Vous [&hellip;]\" \/>\n<meta property=\"og:url\" content=\"http:\/\/danvy.com\/\" \/>\n<meta property=\"og:site_name\" content=\"Danvy Energy\" \/>\n<meta property=\"article:modified_time\" content=\"2026-03-27T17:31:59+00:00\" \/>\n<meta property=\"og:image\" content=\"https:\/\/s.w.org\/images\/core\/emoji\/16.0.1\/svg\/26a1.svg\" \/>\n<meta name=\"twitter:card\" content=\"summary_large_image\" \/>\n<meta name=\"twitter:label1\" content=\"Dur\u00e9e de lecture estim\u00e9e\" \/>\n\t<meta name=\"twitter:data1\" content=\"3 minutes\" \/>\n<script type=\"application\/ld+json\" class=\"yoast-schema-graph\">{\"@context\":\"https:\\\/\\\/schema.org\",\"@graph\":[{\"@type\":\"WebPage\",\"@id\":\"http:\\\/\\\/danvy.com\\\/\",\"url\":\"http:\\\/\\\/danvy.com\\\/\",\"name\":\"Accueil - Danvy Energy\",\"isPartOf\":{\"@id\":\"http:\\\/\\\/danvy.com\\\/#website\"},\"primaryImageOfPage\":{\"@id\":\"http:\\\/\\\/danvy.com\\\/#primaryimage\"},\"image\":{\"@id\":\"http:\\\/\\\/danvy.com\\\/#primaryimage\"},\"thumbnailUrl\":\"https:\\\/\\\/s.w.org\\\/images\\\/core\\\/emoji\\\/16.0.1\\\/svg\\\/26a1.svg\",\"datePublished\":\"2025-05-31T08:58:53+00:00\",\"dateModified\":\"2026-03-27T17:31:59+00:00\",\"breadcrumb\":{\"@id\":\"http:\\\/\\\/danvy.com\\\/#breadcrumb\"},\"inLanguage\":\"fr-FR\",\"potentialAction\":[{\"@type\":\"ReadAction\",\"target\":[\"http:\\\/\\\/danvy.com\\\/\"]}]},{\"@type\":\"ImageObject\",\"inLanguage\":\"fr-FR\",\"@id\":\"http:\\\/\\\/danvy.com\\\/#primaryimage\",\"url\":\"https:\\\/\\\/s.w.org\\\/images\\\/core\\\/emoji\\\/16.0.1\\\/svg\\\/26a1.svg\",\"contentUrl\":\"https:\\\/\\\/s.w.org\\\/images\\\/core\\\/emoji\\\/16.0.1\\\/svg\\\/26a1.svg\"},{\"@type\":\"BreadcrumbList\",\"@id\":\"http:\\\/\\\/danvy.com\\\/#breadcrumb\",\"itemListElement\":[{\"@type\":\"ListItem\",\"position\":1,\"name\":\"Accueil\",\"item\":\"http:\\\/\\\/danvy.com\\\/\"},{\"@type\":\"ListItem\",\"position\":2,\"name\":\"Accueil\"}]},{\"@type\":\"WebSite\",\"@id\":\"http:\\\/\\\/danvy.com\\\/#website\",\"url\":\"http:\\\/\\\/danvy.com\\\/\",\"name\":\"Danvy Energy\",\"description\":\"Stockage d&#039;\u00e9nergie pour le futur et au del\u00e0 !\",\"publisher\":{\"@id\":\"http:\\\/\\\/danvy.com\\\/#organization\"},\"potentialAction\":[{\"@type\":\"SearchAction\",\"target\":{\"@type\":\"EntryPoint\",\"urlTemplate\":\"http:\\\/\\\/danvy.com\\\/?s={search_term_string}\"},\"query-input\":{\"@type\":\"PropertyValueSpecification\",\"valueRequired\":true,\"valueName\":\"search_term_string\"}}],\"inLanguage\":\"fr-FR\"},{\"@type\":\"Organization\",\"@id\":\"http:\\\/\\\/danvy.com\\\/#organization\",\"name\":\"Danvy Energy\",\"url\":\"http:\\\/\\\/danvy.com\\\/\",\"logo\":{\"@type\":\"ImageObject\",\"inLanguage\":\"fr-FR\",\"@id\":\"http:\\\/\\\/danvy.com\\\/#\\\/schema\\\/logo\\\/image\\\/\",\"url\":\"https:\\\/\\\/danvy.com\\\/wp-content\\\/uploads\\\/2025\\\/05\\\/Logo-DANVY-ENERGY.jpg\",\"contentUrl\":\"https:\\\/\\\/danvy.com\\\/wp-content\\\/uploads\\\/2025\\\/05\\\/Logo-DANVY-ENERGY.jpg\",\"width\":576,\"height\":571,\"caption\":\"Danvy Energy\"},\"image\":{\"@id\":\"http:\\\/\\\/danvy.com\\\/#\\\/schema\\\/logo\\\/image\\\/\"}}]}<\/script>\n<!-- \/ Yoast SEO plugin. -->","yoast_head_json":{"title":"Accueil - Danvy Energy","robots":{"index":"index","follow":"follow","max-snippet":"max-snippet:-1","max-image-preview":"max-image-preview:large","max-video-preview":"max-video-preview:-1"},"canonical":"http:\/\/danvy.com\/","og_locale":"fr_FR","og_type":"article","og_title":"Accueil - Danvy Energy","og_description":"Des solutions de stockage solaire accessibles et performantes. De plus en plus de particuliers et de petites entreprises s\u2019\u00e9quipent en panneaux solaires\u2026 mais restent sans solution de stockage.Les raisons sont claires : prix trop \u00e9lev\u00e9s, mat\u00e9riel peu performant ou mal adapt\u00e9 aux usages r\u00e9els. \u00a0 Notre r\u00e9ponse : le groupement d&rsquo;achat. Fonctionnement tr\u00e8s simple :1\u00a0Vous [&hellip;]","og_url":"http:\/\/danvy.com\/","og_site_name":"Danvy Energy","article_modified_time":"2026-03-27T17:31:59+00:00","og_image":[{"url":"https:\/\/s.w.org\/images\/core\/emoji\/16.0.1\/svg\/26a1.svg","type":"","width":"","height":""}],"twitter_card":"summary_large_image","twitter_misc":{"Dur\u00e9e de lecture estim\u00e9e":"3 minutes"},"schema":{"@context":"https:\/\/schema.org","@graph":[{"@type":"WebPage","@id":"http:\/\/danvy.com\/","url":"http:\/\/danvy.com\/","name":"Accueil - Danvy Energy","isPartOf":{"@id":"http:\/\/danvy.com\/#website"},"primaryImageOfPage":{"@id":"http:\/\/danvy.com\/#primaryimage"},"image":{"@id":"http:\/\/danvy.com\/#primaryimage"},"thumbnailUrl":"https:\/\/s.w.org\/images\/core\/emoji\/16.0.1\/svg\/26a1.svg","datePublished":"2025-05-31T08:58:53+00:00","dateModified":"2026-03-27T17:31:59+00:00","breadcrumb":{"@id":"http:\/\/danvy.com\/#breadcrumb"},"inLanguage":"fr-FR","potentialAction":[{"@type":"ReadAction","target":["http:\/\/danvy.com\/"]}]},{"@type":"ImageObject","inLanguage":"fr-FR","@id":"http:\/\/danvy.com\/#primaryimage","url":"https:\/\/s.w.org\/images\/core\/emoji\/16.0.1\/svg\/26a1.svg","contentUrl":"https:\/\/s.w.org\/images\/core\/emoji\/16.0.1\/svg\/26a1.svg"},{"@type":"BreadcrumbList","@id":"http:\/\/danvy.com\/#breadcrumb","itemListElement":[{"@type":"ListItem","position":1,"name":"Accueil","item":"http:\/\/danvy.com\/"},{"@type":"ListItem","position":2,"name":"Accueil"}]},{"@type":"WebSite","@id":"http:\/\/danvy.com\/#website","url":"http:\/\/danvy.com\/","name":"Danvy Energy","description":"Stockage d&#039;\u00e9nergie pour le futur et au del\u00e0 !","publisher":{"@id":"http:\/\/danvy.com\/#organization"},"potentialAction":[{"@type":"SearchAction","target":{"@type":"EntryPoint","urlTemplate":"http:\/\/danvy.com\/?s={search_term_string}"},"query-input":{"@type":"PropertyValueSpecification","valueRequired":true,"valueName":"search_term_string"}}],"inLanguage":"fr-FR"},{"@type":"Organization","@id":"http:\/\/danvy.com\/#organization","name":"Danvy Energy","url":"http:\/\/danvy.com\/","logo":{"@type":"ImageObject","inLanguage":"fr-FR","@id":"http:\/\/danvy.com\/#\/schema\/logo\/image\/","url":"https:\/\/danvy.com\/wp-content\/uploads\/2025\/05\/Logo-DANVY-ENERGY.jpg","contentUrl":"https:\/\/danvy.com\/wp-content\/uploads\/2025\/05\/Logo-DANVY-ENERGY.jpg","width":576,"height":571,"caption":"Danvy Energy"},"image":{"@id":"http:\/\/danvy.com\/#\/schema\/logo\/image\/"}}]}},"_links":{"self":[{"href":"https:\/\/danvy.com\/index.php?rest_route=\/wp\/v2\/pages\/64","targetHints":{"allow":["GET"]}}],"collection":[{"href":"https:\/\/danvy.com\/index.php?rest_route=\/wp\/v2\/pages"}],"about":[{"href":"https:\/\/danvy.com\/index.php?rest_route=\/wp\/v2\/types\/page"}],"author":[{"embeddable":true,"href":"https:\/\/danvy.com\/index.php?rest_route=\/wp\/v2\/users\/1"}],"replies":[{"embeddable":true,"href":"https:\/\/danvy.com\/index.php?rest_route=%2Fwp%2Fv2%2Fcomments&post=64"}],"version-history":[{"count":38,"href":"https:\/\/danvy.com\/index.php?rest_route=\/wp\/v2\/pages\/64\/revisions"}],"predecessor-version":[{"id":353,"href":"https:\/\/danvy.com\/index.php?rest_route=\/wp\/v2\/pages\/64\/revisions\/353"}],"wp:attachment":[{"href":"https:\/\/danvy.com\/index.php?rest_route=%2Fwp%2Fv2%2Fmedia&parent=64"}],"curies":[{"name":"wp","href":"https:\/\/api.w.org\/{rel}","templated":true}]}}