{"id":67,"date":"2025-05-31T10:59:25","date_gmt":"2025-05-31T08:59:25","guid":{"rendered":"https:\/\/danvy.com\/?page_id=67"},"modified":"2025-05-31T19:20:30","modified_gmt":"2025-05-31T17:20:30","slug":"mentions-legales","status":"publish","type":"page","link":"https:\/\/danvy.com\/?page_id=67","title":{"rendered":"Mentions l\u00e9gales"},"content":{"rendered":"\n<p><strong>MENTIONS L\u00c9GALES<\/strong><\/p>\n\n\n\n<p><strong>\u00c9diteur du site<\/strong><\/p>\n\n\n\n<p>Le pr\u00e9sent site, accessible \u00e0 l\u2019adresse <a href=\"http:\/\/www.danvy.com\">http:\/\/www.danvy.com<\/a>, est \u00e9dit\u00e9 par :<\/p>\n\n\n\n<p><strong>DANVY BATTERY<\/strong><br>Jean-Philippe Danvy<br>Adresse : 24 rue du Louvre 37540 st Cyr sur Loire<br>T\u00e9l\u00e9phone : 0676745938<br>E-mail : jp@danvy.com<br><br>Responsable de la publication : Jean-Philippe Danvy<strong> H\u00e9bergement<\/strong><\/p>\n\n\n\n<p>Le site est h\u00e9berg\u00e9 de mani\u00e8re auto-h\u00e9berg\u00e9e par :<\/p>\n\n\n\n<p><strong>Danvy Energy<\/strong><br>H\u00e9bergement sur serveur propri\u00e9taire<br>E-mail : jp@danvy.com<\/p>\n\n\n\n<p><strong>Propri\u00e9t\u00e9 intellectuelle<\/strong><\/p>\n\n\n\n<p>Tous les \u00e9l\u00e9ments pr\u00e9sents sur ce site (textes, images, graphismes, logo, vid\u00e9os, etc.) sont la propri\u00e9t\u00e9 exclusive de Jean-Philippe Danvy \/ DANVY BATTERY, sauf mention contraire. Toute reproduction, repr\u00e9sentation, modification, publication, adaptation, totale ou partielle, est interdite sans l\u2019autorisation \u00e9crite pr\u00e9alable.<\/p>\n\n\n\n<p><strong>Protection des donn\u00e9es personnelles<\/strong><\/p>\n\n\n\n<p>Les donn\u00e9es personnelles collect\u00e9es via les formulaires de contact ou d\u2019inscription sont trait\u00e9es par DANVY BATTERY dans le respect du R\u00e8glement G\u00e9n\u00e9ral sur la Protection des Donn\u00e9es (RGPD).<\/p>\n\n\n\n<p>Vous disposez d\u2019un droit d\u2019acc\u00e8s, de rectification, d\u2019opposition, d\u2019effacement et de portabilit\u00e9 de vos donn\u00e9es. Pour exercer ces droits, contactez-nous \u00e0 l\u2019adresse : jp@danvy.com.<\/p>\n\n\n\n<p><strong>Cookies<\/strong><\/p>\n\n\n\n<p>Le site peut utiliser des cookies pour am\u00e9liorer l\u2019exp\u00e9rience utilisateur. Vous pouvez configurer votre navigateur pour refuser les cookies.<\/p>\n\n\n\n<p><strong>Responsabilit\u00e9<\/strong><\/p>\n\n\n\n<p>L\u2019\u00e9diteur du site s\u2019efforce de fournir des informations aussi pr\u00e9cises que possible. Toutefois, il ne pourra \u00eatre tenu responsable des omissions, inexactitudes ou carences dans la mise \u00e0 jour des informations.<\/p>\n\n\n\n<p><strong>Droit applicable<\/strong><\/p>\n\n\n\n<p>Le site et son contenu sont soumis au droit fran\u00e7ais. Tout litige sera port\u00e9 devant les juridictions comp\u00e9tentes du ressort du si\u00e8ge social de l\u2019\u00e9diteur.<\/p>\n\n\n\n<p><a href=\"https:\/\/danvy.com\/?page_id=110\" data-type=\"page\" data-id=\"110\">Conditions g\u00e9n\u00e9rales de vente<\/a><\/p>\n","protected":false},"excerpt":{"rendered":"<p>MENTIONS L\u00c9GALES \u00c9diteur du site Le pr\u00e9sent site, accessible \u00e0 l\u2019adresse http:\/\/www.danvy.com, est \u00e9dit\u00e9 par : DANVY BATTERYJean-Philippe DanvyAdresse : 24 rue du Louvre 37540 st Cyr sur LoireT\u00e9l\u00e9phone : 0676745938E-mail : jp@danvy.com Responsable de la publication : Jean-Philippe Danvy H\u00e9bergement Le site est h\u00e9berg\u00e9 de mani\u00e8re auto-h\u00e9berg\u00e9e par : Danvy EnergyH\u00e9bergement sur serveur propri\u00e9taireE-mail [&hellip;]<\/p>\n","protected":false},"author":1,"featured_media":0,"parent":0,"menu_order":0,"comment_status":"closed","ping_status":"closed","template":"","meta":{"_coblocks_attr":"","_coblocks_dimensions":"","_coblocks_responsive_height":"","_coblocks_accordion_ie_support":"","footnotes":""},"class_list":["post-67","page","type-page","status-publish","hentry","entry"],"yoast_head":"<!-- This site is optimized with the Yoast SEO plugin v27.4 - https:\/\/yoast.com\/product\/yoast-seo-wordpress\/ -->\n<title>Mentions l\u00e9gales - Danvy Energy<\/title>\n<meta name=\"robots\" content=\"index, follow, max-snippet:-1, max-image-preview:large, max-video-preview:-1\" \/>\n<link rel=\"canonical\" href=\"http:\/\/danvy.com\/?page_id=67\" \/>\n<meta property=\"og:locale\" content=\"fr_FR\" \/>\n<meta property=\"og:type\" content=\"article\" \/>\n<meta property=\"og:title\" content=\"Mentions l\u00e9gales - Danvy Energy\" \/>\n<meta property=\"og:description\" content=\"MENTIONS L\u00c9GALES \u00c9diteur du site Le pr\u00e9sent site, accessible \u00e0 l\u2019adresse http:\/\/www.danvy.com, est \u00e9dit\u00e9 par : DANVY BATTERYJean-Philippe DanvyAdresse : 24 rue du Louvre 37540 st Cyr sur LoireT\u00e9l\u00e9phone : 0676745938E-mail : jp@danvy.com Responsable de la publication : Jean-Philippe Danvy H\u00e9bergement Le site est h\u00e9berg\u00e9 de mani\u00e8re auto-h\u00e9berg\u00e9e par : Danvy EnergyH\u00e9bergement sur serveur propri\u00e9taireE-mail [&hellip;]\" \/>\n<meta property=\"og:url\" content=\"http:\/\/danvy.com\/?page_id=67\" \/>\n<meta property=\"og:site_name\" content=\"Danvy Energy\" \/>\n<meta property=\"article:modified_time\" content=\"2025-05-31T17:20:30+00:00\" \/>\n<meta name=\"twitter:card\" content=\"summary_large_image\" \/>\n<meta name=\"twitter:label1\" content=\"Dur\u00e9e de lecture estim\u00e9e\" \/>\n\t<meta name=\"twitter:data1\" content=\"1 minute\" \/>\n<script type=\"application\/ld+json\" class=\"yoast-schema-graph\">{\"@context\":\"https:\\\/\\\/schema.org\",\"@graph\":[{\"@type\":\"WebPage\",\"@id\":\"http:\\\/\\\/danvy.com\\\/?page_id=67\",\"url\":\"http:\\\/\\\/danvy.com\\\/?page_id=67\",\"name\":\"Mentions l\u00e9gales - Danvy Energy\",\"isPartOf\":{\"@id\":\"http:\\\/\\\/danvy.com\\\/#website\"},\"datePublished\":\"2025-05-31T08:59:25+00:00\",\"dateModified\":\"2025-05-31T17:20:30+00:00\",\"breadcrumb\":{\"@id\":\"http:\\\/\\\/danvy.com\\\/?page_id=67#breadcrumb\"},\"inLanguage\":\"fr-FR\",\"potentialAction\":[{\"@type\":\"ReadAction\",\"target\":[\"http:\\\/\\\/danvy.com\\\/?page_id=67\"]}]},{\"@type\":\"BreadcrumbList\",\"@id\":\"http:\\\/\\\/danvy.com\\\/?page_id=67#breadcrumb\",\"itemListElement\":[{\"@type\":\"ListItem\",\"position\":1,\"name\":\"Accueil\",\"item\":\"http:\\\/\\\/danvy.com\\\/\"},{\"@type\":\"ListItem\",\"position\":2,\"name\":\"Mentions l\u00e9gales\"}]},{\"@type\":\"WebSite\",\"@id\":\"http:\\\/\\\/danvy.com\\\/#website\",\"url\":\"http:\\\/\\\/danvy.com\\\/\",\"name\":\"Danvy Energy\",\"description\":\"Stockage d&#039;\u00e9nergie pour le futur et au del\u00e0 !\",\"publisher\":{\"@id\":\"http:\\\/\\\/danvy.com\\\/#organization\"},\"potentialAction\":[{\"@type\":\"SearchAction\",\"target\":{\"@type\":\"EntryPoint\",\"urlTemplate\":\"http:\\\/\\\/danvy.com\\\/?s={search_term_string}\"},\"query-input\":{\"@type\":\"PropertyValueSpecification\",\"valueRequired\":true,\"valueName\":\"search_term_string\"}}],\"inLanguage\":\"fr-FR\"},{\"@type\":\"Organization\",\"@id\":\"http:\\\/\\\/danvy.com\\\/#organization\",\"name\":\"Danvy Energy\",\"url\":\"http:\\\/\\\/danvy.com\\\/\",\"logo\":{\"@type\":\"ImageObject\",\"inLanguage\":\"fr-FR\",\"@id\":\"http:\\\/\\\/danvy.com\\\/#\\\/schema\\\/logo\\\/image\\\/\",\"url\":\"https:\\\/\\\/danvy.com\\\/wp-content\\\/uploads\\\/2025\\\/05\\\/Logo-DANVY-ENERGY.jpg\",\"contentUrl\":\"https:\\\/\\\/danvy.com\\\/wp-content\\\/uploads\\\/2025\\\/05\\\/Logo-DANVY-ENERGY.jpg\",\"width\":576,\"height\":571,\"caption\":\"Danvy Energy\"},\"image\":{\"@id\":\"http:\\\/\\\/danvy.com\\\/#\\\/schema\\\/logo\\\/image\\\/\"}}]}<\/script>\n<!-- \/ Yoast SEO plugin. -->","yoast_head_json":{"title":"Mentions l\u00e9gales - Danvy Energy","robots":{"index":"index","follow":"follow","max-snippet":"max-snippet:-1","max-image-preview":"max-image-preview:large","max-video-preview":"max-video-preview:-1"},"canonical":"http:\/\/danvy.com\/?page_id=67","og_locale":"fr_FR","og_type":"article","og_title":"Mentions l\u00e9gales - Danvy Energy","og_description":"MENTIONS L\u00c9GALES \u00c9diteur du site Le pr\u00e9sent site, accessible \u00e0 l\u2019adresse http:\/\/www.danvy.com, est \u00e9dit\u00e9 par : DANVY BATTERYJean-Philippe DanvyAdresse : 24 rue du Louvre 37540 st Cyr sur LoireT\u00e9l\u00e9phone : 0676745938E-mail : jp@danvy.com Responsable de la publication : Jean-Philippe Danvy H\u00e9bergement Le site est h\u00e9berg\u00e9 de mani\u00e8re auto-h\u00e9berg\u00e9e par : Danvy EnergyH\u00e9bergement sur serveur propri\u00e9taireE-mail [&hellip;]","og_url":"http:\/\/danvy.com\/?page_id=67","og_site_name":"Danvy Energy","article_modified_time":"2025-05-31T17:20:30+00:00","twitter_card":"summary_large_image","twitter_misc":{"Dur\u00e9e de lecture estim\u00e9e":"1 minute"},"schema":{"@context":"https:\/\/schema.org","@graph":[{"@type":"WebPage","@id":"http:\/\/danvy.com\/?page_id=67","url":"http:\/\/danvy.com\/?page_id=67","name":"Mentions l\u00e9gales - Danvy Energy","isPartOf":{"@id":"http:\/\/danvy.com\/#website"},"datePublished":"2025-05-31T08:59:25+00:00","dateModified":"2025-05-31T17:20:30+00:00","breadcrumb":{"@id":"http:\/\/danvy.com\/?page_id=67#breadcrumb"},"inLanguage":"fr-FR","potentialAction":[{"@type":"ReadAction","target":["http:\/\/danvy.com\/?page_id=67"]}]},{"@type":"BreadcrumbList","@id":"http:\/\/danvy.com\/?page_id=67#breadcrumb","itemListElement":[{"@type":"ListItem","position":1,"name":"Accueil","item":"http:\/\/danvy.com\/"},{"@type":"ListItem","position":2,"name":"Mentions l\u00e9gales"}]},{"@type":"WebSite","@id":"http:\/\/danvy.com\/#website","url":"http:\/\/danvy.com\/","name":"Danvy Energy","description":"Stockage d&#039;\u00e9nergie pour le futur et au del\u00e0 !","publisher":{"@id":"http:\/\/danvy.com\/#organization"},"potentialAction":[{"@type":"SearchAction","target":{"@type":"EntryPoint","urlTemplate":"http:\/\/danvy.com\/?s={search_term_string}"},"query-input":{"@type":"PropertyValueSpecification","valueRequired":true,"valueName":"search_term_string"}}],"inLanguage":"fr-FR"},{"@type":"Organization","@id":"http:\/\/danvy.com\/#organization","name":"Danvy Energy","url":"http:\/\/danvy.com\/","logo":{"@type":"ImageObject","inLanguage":"fr-FR","@id":"http:\/\/danvy.com\/#\/schema\/logo\/image\/","url":"https:\/\/danvy.com\/wp-content\/uploads\/2025\/05\/Logo-DANVY-ENERGY.jpg","contentUrl":"https:\/\/danvy.com\/wp-content\/uploads\/2025\/05\/Logo-DANVY-ENERGY.jpg","width":576,"height":571,"caption":"Danvy Energy"},"image":{"@id":"http:\/\/danvy.com\/#\/schema\/logo\/image\/"}}]}},"_links":{"self":[{"href":"https:\/\/danvy.com\/index.php?rest_route=\/wp\/v2\/pages\/67","targetHints":{"allow":["GET"]}}],"collection":[{"href":"https:\/\/danvy.com\/index.php?rest_route=\/wp\/v2\/pages"}],"about":[{"href":"https:\/\/danvy.com\/index.php?rest_route=\/wp\/v2\/types\/page"}],"author":[{"embeddable":true,"href":"https:\/\/danvy.com\/index.php?rest_route=\/wp\/v2\/users\/1"}],"replies":[{"embeddable":true,"href":"https:\/\/danvy.com\/index.php?rest_route=%2Fwp%2Fv2%2Fcomments&post=67"}],"version-history":[{"count":3,"href":"https:\/\/danvy.com\/index.php?rest_route=\/wp\/v2\/pages\/67\/revisions"}],"predecessor-version":[{"id":113,"href":"https:\/\/danvy.com\/index.php?rest_route=\/wp\/v2\/pages\/67\/revisions\/113"}],"wp:attachment":[{"href":"https:\/\/danvy.com\/index.php?rest_route=%2Fwp%2Fv2%2Fmedia&parent=67"}],"curies":[{"name":"wp","href":"https:\/\/api.w.org\/{rel}","templated":true}]}}