{"id":76,"date":"2025-05-31T11:04:39","date_gmt":"2025-05-31T09:04:39","guid":{"rendered":"https:\/\/danvy.com\/?page_id=76"},"modified":"2025-06-26T20:27:06","modified_gmt":"2025-06-26T18:27:06","slug":"stock-disponible","status":"publish","type":"page","link":"https:\/\/danvy.com\/?page_id=76","title":{"rendered":"Stock disponible"},"content":{"rendered":"\t\t<div data-elementor-type=\"wp-page\" data-elementor-id=\"76\" class=\"elementor elementor-76\">\n\t\t\t\t<div class=\"elementor-element elementor-element-d8ea64f e-flex e-con-boxed e-con e-parent\" data-id=\"d8ea64f\" data-element_type=\"container\" data-e-type=\"container\">\n\t\t\t\t\t<div class=\"e-con-inner\">\n\t\t\t\t<div class=\"elementor-element elementor-element-d74ded1 elementor-widget elementor-widget-heading\" data-id=\"d74ded1\" data-element_type=\"widget\" data-e-type=\"widget\" data-widget_type=\"heading.default\">\n\t\t\t\t<div class=\"elementor-widget-container\">\n\t\t\t\t\t<h2 class=\"elementor-heading-title elementor-size-default\"><a href=\"https:\/\/docs.google.com\/spreadsheets\/d\/18kZIhnRhj-b1qUDLTXQmkGpmEQW2VIovhEFUkNkvmhk\/edit?usp=sharing\">Acc\u00e9s directe \u00e0 la liste des commandes du mois en cours<\/a><\/h2>\t\t\t\t<\/div>\n\t\t\t\t<\/div>\n\t\t\t\t\t<\/div>\n\t\t\t\t<\/div>\n\t\t<div class=\"elementor-element elementor-element-ab9820b e-flex e-con-boxed e-con e-parent\" data-id=\"ab9820b\" data-element_type=\"container\" data-e-type=\"container\">\n\t\t\t\t\t<div class=\"e-con-inner\">\n\t\t\t\t<div class=\"elementor-element elementor-element-37b7640 elementor-widget__width-initial elementor-widget elementor-widget-html\" data-id=\"37b7640\" data-element_type=\"widget\" data-e-type=\"widget\" data-widget_type=\"html.default\">\n\t\t\t\t<div class=\"elementor-widget-container\">\n\t\t\t\t\t<iframe src=\"https:\/\/docs.google.com\/spreadsheets\/d\/e\/2PACX-1vR8N7kk8bg_e40nA2navLEL4wR7eMc_KJAxp73GGjh13e5QsEp-8hsUASev8x3MXx2yFj4tla5PjCgG\/pubhtml?gid=0&amp;single=true&amp;widget=true&amp;headers=false\"\n    width=\"100%\" \n  height=\"500\" \n  style=\"border: none; overflow: visible;\">\n<\/iframe>\t\t\t\t<\/div>\n\t\t\t\t<\/div>\n\t\t\t\t\t<\/div>\n\t\t\t\t<\/div>\n\t\t<div class=\"elementor-element elementor-element-bc01698 e-flex e-con-boxed e-con e-parent\" data-id=\"bc01698\" data-element_type=\"container\" data-e-type=\"container\">\n\t\t\t\t\t<div class=\"e-con-inner\">\n\t\t\t\t<div class=\"elementor-element elementor-element-2a59664 elementor-widget elementor-widget-text-editor\" data-id=\"2a59664\" data-element_type=\"widget\" data-e-type=\"widget\" data-widget_type=\"text-editor.default\">\n\t\t\t\t<div class=\"elementor-widget-container\">\n\t\t\t\t\t\t\t\t\t<p data-start=\"158\" data-end=\"346\"><strong data-start=\"158\" data-end=\"346\">Avant toute r\u00e9servation ferme, un \u00e9change avec notre \u00e9quipe est n\u00e9cessaire afin de v\u00e9rifier ensemble l\u2019ad\u00e9quation de nos batteries avec votre installation et vos besoins d\u2019utilisation.<\/strong><\/p><p data-start=\"348\" data-end=\"504\">Cet \u00e9change, par t\u00e9l\u00e9phone ou visio, permettra de valider les \u00e9l\u00e9ments techniques essentiels \u00e0 la bonne int\u00e9gration de la batterie dans votre environnement.<\/p><p data-start=\"506\" data-end=\"677\">Un r\u00e9capitulatif vous sera ensuite adress\u00e9 par e-mail pour confirmation. Une fois ces points valid\u00e9s, nous enregistrerons votre demande sur la liste des commandes \u00e0 venir.<\/p><p data-start=\"679\" data-end=\"769\">\ud83d\udc49 <strong data-start=\"682\" data-end=\"769\">L\u2019acompte de r\u00e9servation ne sera demand\u00e9 qu\u2019une fois la date de d\u00e9part usine fix\u00e9e.<\/strong><\/p><p data-start=\"679\" data-end=\"769\">Rappel : d\u00e9lai de livraison des commandes sur mesures, 25j fabrication + 45j transport.<img decoding=\"async\" class=\" wp-image-201 alignright\" src=\"http:\/\/danvy.com\/wp-content\/uploads\/2025\/06\/Distributeur-Exliporc-200.jpg\" alt=\"\" width=\"163\" height=\"129\" \/><\/p>\t\t\t\t\t\t\t\t<\/div>\n\t\t\t\t<\/div>\n\t\t\t\t\t<\/div>\n\t\t\t\t<\/div>\n\t\t\t\t<\/div>\n\t\t","protected":false},"excerpt":{"rendered":"<p>Acc\u00e9s directe \u00e0 la liste des commandes du mois en cours Avant toute r\u00e9servation ferme, un \u00e9change avec notre \u00e9quipe est n\u00e9cessaire afin de v\u00e9rifier ensemble l\u2019ad\u00e9quation de nos batteries avec votre installation et vos besoins d\u2019utilisation. Cet \u00e9change, par t\u00e9l\u00e9phone ou visio, permettra de valider les \u00e9l\u00e9ments techniques essentiels \u00e0 la bonne int\u00e9gration de [&hellip;]<\/p>\n","protected":false},"author":1,"featured_media":0,"parent":0,"menu_order":0,"comment_status":"closed","ping_status":"closed","template":"","meta":{"_coblocks_attr":"","_coblocks_dimensions":"","_coblocks_responsive_height":"","_coblocks_accordion_ie_support":"","footnotes":""},"class_list":["post-76","page","type-page","status-publish","hentry","entry"],"yoast_head":"<!-- This site is optimized with the Yoast SEO plugin v27.4 - https:\/\/yoast.com\/product\/yoast-seo-wordpress\/ -->\n<title>Stock disponible - Danvy Energy<\/title>\n<meta name=\"robots\" content=\"index, follow, max-snippet:-1, max-image-preview:large, max-video-preview:-1\" \/>\n<link rel=\"canonical\" href=\"https:\/\/danvy.com\/?page_id=76\" \/>\n<meta property=\"og:locale\" content=\"fr_FR\" \/>\n<meta property=\"og:type\" content=\"article\" \/>\n<meta property=\"og:title\" content=\"Stock disponible - Danvy Energy\" \/>\n<meta property=\"og:description\" content=\"Acc\u00e9s directe \u00e0 la liste des commandes du mois en cours Avant toute r\u00e9servation ferme, un \u00e9change avec notre \u00e9quipe est n\u00e9cessaire afin de v\u00e9rifier ensemble l\u2019ad\u00e9quation de nos batteries avec votre installation et vos besoins d\u2019utilisation. Cet \u00e9change, par t\u00e9l\u00e9phone ou visio, permettra de valider les \u00e9l\u00e9ments techniques essentiels \u00e0 la bonne int\u00e9gration de [&hellip;]\" \/>\n<meta property=\"og:url\" content=\"https:\/\/danvy.com\/?page_id=76\" \/>\n<meta property=\"og:site_name\" content=\"Danvy Energy\" \/>\n<meta property=\"article:modified_time\" content=\"2025-06-26T18:27:06+00:00\" \/>\n<meta property=\"og:image\" content=\"http:\/\/danvy.com\/wp-content\/uploads\/2025\/06\/Distributeur-Exliporc-200.jpg\" \/>\n<meta name=\"twitter:card\" content=\"summary_large_image\" \/>\n<meta name=\"twitter:label1\" content=\"Dur\u00e9e de lecture estim\u00e9e\" \/>\n\t<meta name=\"twitter:data1\" content=\"1 minute\" \/>\n<script type=\"application\/ld+json\" class=\"yoast-schema-graph\">{\"@context\":\"https:\\\/\\\/schema.org\",\"@graph\":[{\"@type\":\"WebPage\",\"@id\":\"https:\\\/\\\/danvy.com\\\/?page_id=76\",\"url\":\"https:\\\/\\\/danvy.com\\\/?page_id=76\",\"name\":\"Stock disponible - Danvy Energy\",\"isPartOf\":{\"@id\":\"http:\\\/\\\/danvy.com\\\/#website\"},\"primaryImageOfPage\":{\"@id\":\"https:\\\/\\\/danvy.com\\\/?page_id=76#primaryimage\"},\"image\":{\"@id\":\"https:\\\/\\\/danvy.com\\\/?page_id=76#primaryimage\"},\"thumbnailUrl\":\"http:\\\/\\\/danvy.com\\\/wp-content\\\/uploads\\\/2025\\\/06\\\/Distributeur-Exliporc-200.jpg\",\"datePublished\":\"2025-05-31T09:04:39+00:00\",\"dateModified\":\"2025-06-26T18:27:06+00:00\",\"breadcrumb\":{\"@id\":\"https:\\\/\\\/danvy.com\\\/?page_id=76#breadcrumb\"},\"inLanguage\":\"fr-FR\",\"potentialAction\":[{\"@type\":\"ReadAction\",\"target\":[\"https:\\\/\\\/danvy.com\\\/?page_id=76\"]}]},{\"@type\":\"ImageObject\",\"inLanguage\":\"fr-FR\",\"@id\":\"https:\\\/\\\/danvy.com\\\/?page_id=76#primaryimage\",\"url\":\"https:\\\/\\\/danvy.com\\\/wp-content\\\/uploads\\\/2025\\\/06\\\/Distributeur-Exliporc-200.jpg\",\"contentUrl\":\"https:\\\/\\\/danvy.com\\\/wp-content\\\/uploads\\\/2025\\\/06\\\/Distributeur-Exliporc-200.jpg\",\"width\":200,\"height\":158},{\"@type\":\"BreadcrumbList\",\"@id\":\"https:\\\/\\\/danvy.com\\\/?page_id=76#breadcrumb\",\"itemListElement\":[{\"@type\":\"ListItem\",\"position\":1,\"name\":\"Accueil\",\"item\":\"http:\\\/\\\/danvy.com\\\/\"},{\"@type\":\"ListItem\",\"position\":2,\"name\":\"Stock disponible\"}]},{\"@type\":\"WebSite\",\"@id\":\"http:\\\/\\\/danvy.com\\\/#website\",\"url\":\"http:\\\/\\\/danvy.com\\\/\",\"name\":\"Danvy Energy\",\"description\":\"Stockage d&#039;\u00e9nergie pour le futur et au del\u00e0 !\",\"publisher\":{\"@id\":\"http:\\\/\\\/danvy.com\\\/#organization\"},\"potentialAction\":[{\"@type\":\"SearchAction\",\"target\":{\"@type\":\"EntryPoint\",\"urlTemplate\":\"http:\\\/\\\/danvy.com\\\/?s={search_term_string}\"},\"query-input\":{\"@type\":\"PropertyValueSpecification\",\"valueRequired\":true,\"valueName\":\"search_term_string\"}}],\"inLanguage\":\"fr-FR\"},{\"@type\":\"Organization\",\"@id\":\"http:\\\/\\\/danvy.com\\\/#organization\",\"name\":\"Danvy Energy\",\"url\":\"http:\\\/\\\/danvy.com\\\/\",\"logo\":{\"@type\":\"ImageObject\",\"inLanguage\":\"fr-FR\",\"@id\":\"http:\\\/\\\/danvy.com\\\/#\\\/schema\\\/logo\\\/image\\\/\",\"url\":\"https:\\\/\\\/danvy.com\\\/wp-content\\\/uploads\\\/2025\\\/05\\\/Logo-DANVY-ENERGY.jpg\",\"contentUrl\":\"https:\\\/\\\/danvy.com\\\/wp-content\\\/uploads\\\/2025\\\/05\\\/Logo-DANVY-ENERGY.jpg\",\"width\":576,\"height\":571,\"caption\":\"Danvy Energy\"},\"image\":{\"@id\":\"http:\\\/\\\/danvy.com\\\/#\\\/schema\\\/logo\\\/image\\\/\"}}]}<\/script>\n<!-- \/ Yoast SEO plugin. -->","yoast_head_json":{"title":"Stock disponible - Danvy Energy","robots":{"index":"index","follow":"follow","max-snippet":"max-snippet:-1","max-image-preview":"max-image-preview:large","max-video-preview":"max-video-preview:-1"},"canonical":"https:\/\/danvy.com\/?page_id=76","og_locale":"fr_FR","og_type":"article","og_title":"Stock disponible - Danvy Energy","og_description":"Acc\u00e9s directe \u00e0 la liste des commandes du mois en cours Avant toute r\u00e9servation ferme, un \u00e9change avec notre \u00e9quipe est n\u00e9cessaire afin de v\u00e9rifier ensemble l\u2019ad\u00e9quation de nos batteries avec votre installation et vos besoins d\u2019utilisation. Cet \u00e9change, par t\u00e9l\u00e9phone ou visio, permettra de valider les \u00e9l\u00e9ments techniques essentiels \u00e0 la bonne int\u00e9gration de [&hellip;]","og_url":"https:\/\/danvy.com\/?page_id=76","og_site_name":"Danvy Energy","article_modified_time":"2025-06-26T18:27:06+00:00","og_image":[{"url":"http:\/\/danvy.com\/wp-content\/uploads\/2025\/06\/Distributeur-Exliporc-200.jpg","type":"","width":"","height":""}],"twitter_card":"summary_large_image","twitter_misc":{"Dur\u00e9e de lecture estim\u00e9e":"1 minute"},"schema":{"@context":"https:\/\/schema.org","@graph":[{"@type":"WebPage","@id":"https:\/\/danvy.com\/?page_id=76","url":"https:\/\/danvy.com\/?page_id=76","name":"Stock disponible - Danvy Energy","isPartOf":{"@id":"http:\/\/danvy.com\/#website"},"primaryImageOfPage":{"@id":"https:\/\/danvy.com\/?page_id=76#primaryimage"},"image":{"@id":"https:\/\/danvy.com\/?page_id=76#primaryimage"},"thumbnailUrl":"http:\/\/danvy.com\/wp-content\/uploads\/2025\/06\/Distributeur-Exliporc-200.jpg","datePublished":"2025-05-31T09:04:39+00:00","dateModified":"2025-06-26T18:27:06+00:00","breadcrumb":{"@id":"https:\/\/danvy.com\/?page_id=76#breadcrumb"},"inLanguage":"fr-FR","potentialAction":[{"@type":"ReadAction","target":["https:\/\/danvy.com\/?page_id=76"]}]},{"@type":"ImageObject","inLanguage":"fr-FR","@id":"https:\/\/danvy.com\/?page_id=76#primaryimage","url":"https:\/\/danvy.com\/wp-content\/uploads\/2025\/06\/Distributeur-Exliporc-200.jpg","contentUrl":"https:\/\/danvy.com\/wp-content\/uploads\/2025\/06\/Distributeur-Exliporc-200.jpg","width":200,"height":158},{"@type":"BreadcrumbList","@id":"https:\/\/danvy.com\/?page_id=76#breadcrumb","itemListElement":[{"@type":"ListItem","position":1,"name":"Accueil","item":"http:\/\/danvy.com\/"},{"@type":"ListItem","position":2,"name":"Stock disponible"}]},{"@type":"WebSite","@id":"http:\/\/danvy.com\/#website","url":"http:\/\/danvy.com\/","name":"Danvy Energy","description":"Stockage d&#039;\u00e9nergie pour le futur et au del\u00e0 !","publisher":{"@id":"http:\/\/danvy.com\/#organization"},"potentialAction":[{"@type":"SearchAction","target":{"@type":"EntryPoint","urlTemplate":"http:\/\/danvy.com\/?s={search_term_string}"},"query-input":{"@type":"PropertyValueSpecification","valueRequired":true,"valueName":"search_term_string"}}],"inLanguage":"fr-FR"},{"@type":"Organization","@id":"http:\/\/danvy.com\/#organization","name":"Danvy Energy","url":"http:\/\/danvy.com\/","logo":{"@type":"ImageObject","inLanguage":"fr-FR","@id":"http:\/\/danvy.com\/#\/schema\/logo\/image\/","url":"https:\/\/danvy.com\/wp-content\/uploads\/2025\/05\/Logo-DANVY-ENERGY.jpg","contentUrl":"https:\/\/danvy.com\/wp-content\/uploads\/2025\/05\/Logo-DANVY-ENERGY.jpg","width":576,"height":571,"caption":"Danvy Energy"},"image":{"@id":"http:\/\/danvy.com\/#\/schema\/logo\/image\/"}}]}},"_links":{"self":[{"href":"https:\/\/danvy.com\/index.php?rest_route=\/wp\/v2\/pages\/76","targetHints":{"allow":["GET"]}}],"collection":[{"href":"https:\/\/danvy.com\/index.php?rest_route=\/wp\/v2\/pages"}],"about":[{"href":"https:\/\/danvy.com\/index.php?rest_route=\/wp\/v2\/types\/page"}],"author":[{"embeddable":true,"href":"https:\/\/danvy.com\/index.php?rest_route=\/wp\/v2\/users\/1"}],"replies":[{"embeddable":true,"href":"https:\/\/danvy.com\/index.php?rest_route=%2Fwp%2Fv2%2Fcomments&post=76"}],"version-history":[{"count":34,"href":"https:\/\/danvy.com\/index.php?rest_route=\/wp\/v2\/pages\/76\/revisions"}],"predecessor-version":[{"id":219,"href":"https:\/\/danvy.com\/index.php?rest_route=\/wp\/v2\/pages\/76\/revisions\/219"}],"wp:attachment":[{"href":"https:\/\/danvy.com\/index.php?rest_route=%2Fwp%2Fv2%2Fmedia&parent=76"}],"curies":[{"name":"wp","href":"https:\/\/api.w.org\/{rel}","templated":true}]}}